{"id":1261,"date":"2024-01-03T00:39:44","date_gmt":"2024-01-03T00:39:44","guid":{"rendered":"https:\/\/nicancanin.com.mx\/?page_id=1261"},"modified":"2024-02-22T19:36:14","modified_gmt":"2024-02-22T19:36:14","slug":"blog","status":"publish","type":"page","link":"https:\/\/nicancanin.com.mx\/?page_id=1261","title":{"rendered":"Blog"},"content":{"rendered":"\t\t<div data-elementor-type=\"wp-page\" data-elementor-id=\"1261\" class=\"elementor elementor-1261\">\n\t\t\t\t\t\t\t<div class=\"elementor-element elementor-element-f56f97b e-flex e-con-boxed e-con e-parent\" data-id=\"f56f97b\" data-element_type=\"container\" data-settings=\"{&quot;content_width&quot;:&quot;boxed&quot;}\" data-core-v316-plus=\"true\">\n\t\t\t\t\t<div class=\"e-con-inner\">\n\t\t\t\t<div class=\"elementor-element elementor-element-95c7408 elementor-widget elementor-widget-heading\" data-id=\"95c7408\" data-element_type=\"widget\" data-widget_type=\"heading.default\">\n\t\t\t\t<div class=\"elementor-widget-container\">\n\t\t\t<style>\/*! elementor - v3.18.0 - 20-12-2023 *\/\n.elementor-heading-title{padding:0;margin:0;line-height:1}.elementor-widget-heading .elementor-heading-title[class*=elementor-size-]>a{color:inherit;font-size:inherit;line-height:inherit}.elementor-widget-heading .elementor-heading-title.elementor-size-small{font-size:15px}.elementor-widget-heading .elementor-heading-title.elementor-size-medium{font-size:19px}.elementor-widget-heading .elementor-heading-title.elementor-size-large{font-size:29px}.elementor-widget-heading .elementor-heading-title.elementor-size-xl{font-size:39px}.elementor-widget-heading .elementor-heading-title.elementor-size-xxl{font-size:59px}<\/style><h2 class=\"elementor-heading-title elementor-size-default\">\u00bfQu\u00e9 es la antrozoolog\u00eda?<\/h2>\t\t<\/div>\n\t\t\t\t<\/div>\n\t\t\t\t\t<\/div>\n\t\t\t\t<\/div>\n\t\t<div class=\"elementor-element elementor-element-1a94fb61 e-con-full e-flex e-con e-parent\" data-id=\"1a94fb61\" data-element_type=\"container\" data-settings=\"{&quot;content_width&quot;:&quot;full&quot;}\" data-core-v316-plus=\"true\">\n\t\t\t\t<div class=\"elementor-element elementor-element-52aca658 elementor-widget elementor-widget-text-editor\" data-id=\"52aca658\" data-element_type=\"widget\" data-widget_type=\"text-editor.default\">\n\t\t\t\t<div class=\"elementor-widget-container\">\n\t\t\t<style>\/*! elementor - v3.18.0 - 20-12-2023 *\/\n.elementor-widget-text-editor.elementor-drop-cap-view-stacked .elementor-drop-cap{background-color:#69727d;color:#fff}.elementor-widget-text-editor.elementor-drop-cap-view-framed .elementor-drop-cap{color:#69727d;border:3px solid;background-color:transparent}.elementor-widget-text-editor:not(.elementor-drop-cap-view-default) .elementor-drop-cap{margin-top:8px}.elementor-widget-text-editor:not(.elementor-drop-cap-view-default) .elementor-drop-cap-letter{width:1em;height:1em}.elementor-widget-text-editor .elementor-drop-cap{float:left;text-align:center;line-height:1;font-size:50px}.elementor-widget-text-editor .elementor-drop-cap-letter{display:inline-block}<\/style>\t\t\t\t\t\t\t\t\t\t<\/div>\n\t\t\t\t<\/div>\n\t\t\t\t<div class=\"elementor-element elementor-element-94d9972 elementor-widget elementor-widget-image\" data-id=\"94d9972\" data-element_type=\"widget\" data-widget_type=\"image.default\">\n\t\t\t\t<div class=\"elementor-widget-container\">\n\t\t\t<style>\/*! elementor - v3.18.0 - 20-12-2023 *\/\n.elementor-widget-image{text-align:center}.elementor-widget-image a{display:inline-block}.elementor-widget-image a img[src$=\".svg\"]{width:48px}.elementor-widget-image img{vertical-align:middle;display:inline-block}<\/style>\t\t\t\t\t\t\t\t\t\t\t\t<img fetchpriority=\"high\" decoding=\"async\" width=\"1024\" height=\"770\" src=\"https:\/\/nicancanin.com.mx\/wp-content\/uploads\/2024\/02\/amores-1024x770.jpg\" class=\"attachment-large size-large wp-image-1600\" alt=\"\" srcset=\"https:\/\/nicancanin.com.mx\/wp-content\/uploads\/2024\/02\/amores-1024x770.jpg 1024w, https:\/\/nicancanin.com.mx\/wp-content\/uploads\/2024\/02\/amores-300x226.jpg 300w, https:\/\/nicancanin.com.mx\/wp-content\/uploads\/2024\/02\/amores-768x578.jpg 768w, https:\/\/nicancanin.com.mx\/wp-content\/uploads\/2024\/02\/amores.jpg 1280w\" sizes=\"(max-width: 1024px) 100vw, 1024px\" \/>\t\t\t\t\t\t\t\t\t\t\t\t\t\t\t<\/div>\n\t\t\t\t<\/div>\n\t\t\t\t<\/div>\n\t\t<div class=\"elementor-element elementor-element-abc2385 e-flex e-con-boxed e-con e-parent\" data-id=\"abc2385\" data-element_type=\"container\" data-settings=\"{&quot;content_width&quot;:&quot;boxed&quot;}\" data-core-v316-plus=\"true\">\n\t\t\t\t\t<div class=\"e-con-inner\">\n\t\t\t\t<div class=\"elementor-element elementor-element-a74d1c3 elementor-widget elementor-widget-text-editor\" data-id=\"a74d1c3\" data-element_type=\"widget\" data-widget_type=\"text-editor.default\">\n\t\t\t\t<div class=\"elementor-widget-container\">\n\t\t\t\t\t\t\t<p>La antrozoolog\u00eda, se deriva de las palabras griegas &#8220;anthropos&#8221; que significa humano y &#8220;zoo&#8221; que significa<em> animal , <\/em>es decir, estudia la interacci\u00f3n entre humanos y animales en diversos contextos. Es un campo multidisciplinario que integra conocimientos de la biologpia, psicolog\u00eda, sociolog\u00eda y \u00e9tica principalmente, para as\u00ed poder comprender lo complejo que pueden ser las relaciones que tenemos con otras especies.<\/p><p>La Importancia de los animales de compa\u00f1\u00eda en la vida humana<\/p><p><span style=\"background-color: var(--ast-global-color-5); color: var(--ast-global-color-3); font-style: inherit; font-weight: inherit; text-align: var(--text-align);\">Las mascotas, en particular, ocupan un lugar especial en\nnuestros corazones y hogares. Ya sea un perro leal, un gato independiente o un\npeque\u00f1o roedor curioso, nuestras mascotas enriquecen nuestras vidas de\ninnumerables maneras. Nos ofrecen compa\u00f1\u00eda en momentos de soledad, nos ayudan a\nsuperar desaf\u00edos emocionales y nos ense\u00f1an lecciones valiosas sobre el cuidado,\nla responsabilidad y el amor incondicional.<\/span><\/p><p><o:p><\/o:p><\/p><p><o:p>&nbsp;<\/o:p><span style=\"font-style: inherit; font-weight: inherit; text-align: var(--text-align); background-color: var(--ast-global-color-5); color: var(--ast-global-color-3);\">Animales en Terapias y Programas Educativos<\/span><\/p><p>\n\n\n\n\n\n\n\n\n\n\n\n<\/p><p>Adem\u00e1s de las mascotas, los animales tambi\u00e9n desempe\u00f1an\nroles importantes en terapias y programas educativos. La terapia asistida por\nanimales ofrece un enfoque \u00fanico y efectivo para mejorar la salud f\u00edsica,\nemocional y mental de las personas, mientras que los programas educativos con\nanimales brindan oportunidades de aprendizaje interactivas y memorables para\npersonas de todas las edades.<o:p><\/o:p><\/p>\n<p><br><\/p>\n<p><\/p>\t\t\t\t\t\t<\/div>\n\t\t\t\t<\/div>\n\t\t\t\t\t<\/div>\n\t\t\t\t<\/div>\n\t\t<div class=\"elementor-element elementor-element-73801cf e-flex e-con-boxed e-con e-parent\" data-id=\"73801cf\" data-element_type=\"container\" data-settings=\"{&quot;content_width&quot;:&quot;boxed&quot;}\" data-core-v316-plus=\"true\">\n\t\t\t\t\t<div class=\"e-con-inner\">\n\t\t\t\t\t<\/div>\n\t\t\t\t<\/div>\n\t\t\t\t\t\t\t<\/div>\n\t\t","protected":false},"excerpt":{"rendered":"<p>\u00bfQu\u00e9 es la antrozoolog\u00eda? La antrozoolog\u00eda, se deriva de las palabras griegas &#8220;anthropos&#8221; que significa humano y &#8220;zoo&#8221; que significa animal , es decir, estudia la interacci\u00f3n entre humanos y animales en diversos contextos. Es un campo multidisciplinario que integra conocimientos de la biologpia, psicolog\u00eda, sociolog\u00eda y \u00e9tica principalmente, para as\u00ed poder comprender lo complejo &hellip;<\/p>\n<p class=\"read-more\"> <a class=\"\" href=\"https:\/\/nicancanin.com.mx\/?page_id=1261\"> <span class=\"screen-reader-text\">Blog<\/span> Leer m\u00e1s &raquo;<\/a><\/p>\n","protected":false},"author":1,"featured_media":0,"parent":0,"menu_order":0,"comment_status":"closed","ping_status":"closed","template":"","meta":{"_editorskit_title_hidden":false,"_editorskit_reading_time":0,"_editorskit_is_block_options_detached":false,"_editorskit_block_options_position":"{}","om_disable_all_campaigns":false,"_monsterinsights_skip_tracking":false,"_monsterinsights_sitenote_active":false,"_monsterinsights_sitenote_note":"","_monsterinsights_sitenote_category":0,"site-sidebar-layout":"default","site-content-layout":"","ast-site-content-layout":"default","site-content-style":"default","site-sidebar-style":"default","ast-global-header-display":"","ast-banner-title-visibility":"","ast-main-header-display":"","ast-hfb-above-header-display":"","ast-hfb-below-header-display":"","ast-hfb-mobile-header-display":"","site-post-title":"","ast-breadcrumbs-content":"","ast-featured-img":"","footer-sml-layout":"","theme-transparent-header-meta":"","adv-header-id-meta":"","stick-header-meta":"","header-above-stick-meta":"","header-main-stick-meta":"","header-below-stick-meta":"","astra-migrate-meta-layouts":"set","ast-page-background-enabled":"default","ast-page-background-meta":{"desktop":{"background-color":"","background-image":"","background-repeat":"repeat","background-position":"center center","background-size":"auto","background-attachment":"scroll","background-type":"","background-media":"","overlay-type":"","overlay-color":"","overlay-gradient":""},"tablet":{"background-color":"","background-image":"","background-repeat":"repeat","background-position":"center center","background-size":"auto","background-attachment":"scroll","background-type":"","background-media":"","overlay-type":"","overlay-color":"","overlay-gradient":""},"mobile":{"background-color":"","background-image":"","background-repeat":"repeat","background-position":"center center","background-size":"auto","background-attachment":"scroll","background-type":"","background-media":"","overlay-type":"","overlay-color":"","overlay-gradient":""}},"ast-content-background-meta":{"desktop":{"background-color":"var(--ast-global-color-5)","background-image":"","background-repeat":"repeat","background-position":"center center","background-size":"auto","background-attachment":"scroll","background-type":"","background-media":"","overlay-type":"","overlay-color":"","overlay-gradient":""},"tablet":{"background-color":"var(--ast-global-color-5)","background-image":"","background-repeat":"repeat","background-position":"center center","background-size":"auto","background-attachment":"scroll","background-type":"","background-media":"","overlay-type":"","overlay-color":"","overlay-gradient":""},"mobile":{"background-color":"var(--ast-global-color-5)","background-image":"","background-repeat":"repeat","background-position":"center center","background-size":"auto","background-attachment":"scroll","background-type":"","background-media":"","overlay-type":"","overlay-color":"","overlay-gradient":""}},"footnotes":""},"aioseo_notices":[],"_links":{"self":[{"href":"https:\/\/nicancanin.com.mx\/index.php?rest_route=\/wp\/v2\/pages\/1261"}],"collection":[{"href":"https:\/\/nicancanin.com.mx\/index.php?rest_route=\/wp\/v2\/pages"}],"about":[{"href":"https:\/\/nicancanin.com.mx\/index.php?rest_route=\/wp\/v2\/types\/page"}],"author":[{"embeddable":true,"href":"https:\/\/nicancanin.com.mx\/index.php?rest_route=\/wp\/v2\/users\/1"}],"replies":[{"embeddable":true,"href":"https:\/\/nicancanin.com.mx\/index.php?rest_route=%2Fwp%2Fv2%2Fcomments&post=1261"}],"version-history":[{"count":5,"href":"https:\/\/nicancanin.com.mx\/index.php?rest_route=\/wp\/v2\/pages\/1261\/revisions"}],"predecessor-version":[{"id":1603,"href":"https:\/\/nicancanin.com.mx\/index.php?rest_route=\/wp\/v2\/pages\/1261\/revisions\/1603"}],"wp:attachment":[{"href":"https:\/\/nicancanin.com.mx\/index.php?rest_route=%2Fwp%2Fv2%2Fmedia&parent=1261"}],"curies":[{"name":"wp","href":"https:\/\/api.w.org\/{rel}","templated":true}]}}