{"id":1268,"date":"2024-01-03T02:30:58","date_gmt":"2024-01-03T02:30:58","guid":{"rendered":"https:\/\/nicancanin.com.mx\/?page_id=1268"},"modified":"2024-02-06T02:13:13","modified_gmt":"2024-02-06T02:13:13","slug":"certificado-mascota-de-apoyo-emocional","status":"publish","type":"page","link":"https:\/\/nicancanin.com.mx\/?page_id=1268","title":{"rendered":"Certificado mascota de apoyo emocional"},"content":{"rendered":"\t\t<div data-elementor-type=\"wp-page\" data-elementor-id=\"1268\" class=\"elementor elementor-1268\">\n\t\t\t\t\t\t\t<div class=\"elementor-element elementor-element-2bb5025 e-flex e-con-boxed e-con e-parent\" data-id=\"2bb5025\" data-element_type=\"container\" data-settings=\"{&quot;content_width&quot;:&quot;boxed&quot;}\" data-core-v316-plus=\"true\">\n\t\t\t\t\t<div class=\"e-con-inner\">\n\t\t\t\t<div class=\"elementor-element elementor-element-a5d889e elementor-widget elementor-widget-heading\" data-id=\"a5d889e\" data-element_type=\"widget\" data-widget_type=\"heading.default\">\n\t\t\t\t<div class=\"elementor-widget-container\">\n\t\t\t<style>\/*! elementor - v3.18.0 - 20-12-2023 *\/\n.elementor-heading-title{padding:0;margin:0;line-height:1}.elementor-widget-heading .elementor-heading-title[class*=elementor-size-]>a{color:inherit;font-size:inherit;line-height:inherit}.elementor-widget-heading .elementor-heading-title.elementor-size-small{font-size:15px}.elementor-widget-heading .elementor-heading-title.elementor-size-medium{font-size:19px}.elementor-widget-heading .elementor-heading-title.elementor-size-large{font-size:29px}.elementor-widget-heading .elementor-heading-title.elementor-size-xl{font-size:39px}.elementor-widget-heading .elementor-heading-title.elementor-size-xxl{font-size:59px}<\/style><h2 class=\"elementor-heading-title elementor-size-xl\">Certificado mascota de apoyo emocional<\/h2>\t\t<\/div>\n\t\t\t\t<\/div>\n\t\t\t\t\t<\/div>\n\t\t\t\t<\/div>\n\t\t<div class=\"elementor-element elementor-element-af499f8 e-con-full e-flex e-con e-parent\" data-id=\"af499f8\" data-element_type=\"container\" data-settings=\"{&quot;content_width&quot;:&quot;full&quot;}\" data-core-v316-plus=\"true\">\n\t\t\t\t<div class=\"elementor-element elementor-element-da13c43 elementor-widget__width-initial elementor-widget elementor-widget-image\" data-id=\"da13c43\" data-element_type=\"widget\" data-widget_type=\"image.default\">\n\t\t\t\t<div class=\"elementor-widget-container\">\n\t\t\t<style>\/*! elementor - v3.18.0 - 20-12-2023 *\/\n.elementor-widget-image{text-align:center}.elementor-widget-image a{display:inline-block}.elementor-widget-image a img[src$=\".svg\"]{width:48px}.elementor-widget-image img{vertical-align:middle;display:inline-block}<\/style>\t\t\t\t\t\t\t\t\t\t\t\t<img fetchpriority=\"high\" decoding=\"async\" width=\"768\" height=\"512\" src=\"https:\/\/nicancanin.com.mx\/wp-content\/uploads\/2024\/01\/WhatsApp-Image-2024-01-11-at-3.39.58-PM-1-768x512.jpeg\" class=\"attachment-medium_large size-medium_large wp-image-1308\" alt=\"\" srcset=\"https:\/\/nicancanin.com.mx\/wp-content\/uploads\/2024\/01\/WhatsApp-Image-2024-01-11-at-3.39.58-PM-1-768x512.jpeg 768w, https:\/\/nicancanin.com.mx\/wp-content\/uploads\/2024\/01\/WhatsApp-Image-2024-01-11-at-3.39.58-PM-1-300x200.jpeg 300w, https:\/\/nicancanin.com.mx\/wp-content\/uploads\/2024\/01\/WhatsApp-Image-2024-01-11-at-3.39.58-PM-1-1024x682.jpeg 1024w, https:\/\/nicancanin.com.mx\/wp-content\/uploads\/2024\/01\/WhatsApp-Image-2024-01-11-at-3.39.58-PM-1-1536x1023.jpeg 1536w, https:\/\/nicancanin.com.mx\/wp-content\/uploads\/2024\/01\/WhatsApp-Image-2024-01-11-at-3.39.58-PM-1.jpeg 1600w\" sizes=\"(max-width: 768px) 100vw, 768px\" \/>\t\t\t\t\t\t\t\t\t\t\t\t\t\t\t<\/div>\n\t\t\t\t<\/div>\n\t\t\t\t<\/div>\n\t\t<div class=\"elementor-element elementor-element-17470ca e-con-full e-flex e-con e-parent\" data-id=\"17470ca\" data-element_type=\"container\" data-settings=\"{&quot;content_width&quot;:&quot;full&quot;}\" data-core-v316-plus=\"true\">\n\t\t\t\t<div class=\"elementor-element elementor-element-9ac0c2d elementor-widget elementor-widget-text-editor\" data-id=\"9ac0c2d\" data-element_type=\"widget\" data-widget_type=\"text-editor.default\">\n\t\t\t\t<div class=\"elementor-widget-container\">\n\t\t\t<style>\/*! elementor - v3.18.0 - 20-12-2023 *\/\n.elementor-widget-text-editor.elementor-drop-cap-view-stacked .elementor-drop-cap{background-color:#69727d;color:#fff}.elementor-widget-text-editor.elementor-drop-cap-view-framed .elementor-drop-cap{color:#69727d;border:3px solid;background-color:transparent}.elementor-widget-text-editor:not(.elementor-drop-cap-view-default) .elementor-drop-cap{margin-top:8px}.elementor-widget-text-editor:not(.elementor-drop-cap-view-default) .elementor-drop-cap-letter{width:1em;height:1em}.elementor-widget-text-editor .elementor-drop-cap{float:left;text-align:center;line-height:1;font-size:50px}.elementor-widget-text-editor .elementor-drop-cap-letter{display:inline-block}<\/style>\t\t\t\t<p><b>\u00bfQu\u00e9 es una mascota de apoyo emocional?<\/b><\/p><p>Son animales (perros o gatos) que ayudan a las personas brindando apoyo terap\u00e9utico a su humano\/a por medio del afecto y la compa\u00f1\u00eda.<\/p><p>Por lo cual:<\/p><p><span style=\"font-style: inherit; font-weight: inherit; font-family: var( --e-global-typography-text-font-family ), Sans-serif; background-color: var(--ast-global-color-4); color: var(--ast-global-color-3);\">*Proveen comodidad con su presencia.<\/span><\/p><div><p><span style=\"font-style: inherit; font-weight: inherit; font-family: var( --e-global-typography-text-font-family ), Sans-serif; background-color: var(--ast-global-color-4); color: var(--ast-global-color-3);\">*Reducen estr\u00e9s, ansiedad, depresi\u00f3n.<\/span><br \/><span style=\"font-style: inherit; font-weight: inherit; font-family: var( --e-global-typography-text-font-family ), Sans-serif; background-color: var(--ast-global-color-4); color: var(--ast-global-color-3);\">*Brindan tranquilidad a su humano\/a.<\/span><\/p><div>\u00a0<b style=\"font-style: inherit; text-align: justify; background-color: var(--ast-global-color-4); color: var(--ast-global-color-3);\"><span style=\"font-size: 14.0pt; line-height: 107%;\">Certificado mascota de apoyo emocional<\/span><\/b><\/div><p style=\"text-align: justify;\"><span style=\"font-size: 12.0pt; line-height: 107%;\">Es el documento expedido por un\/a profesional de la salud mental que acredita que la persona requiere la\u00a0<\/span><span style=\"font-size: 12pt; font-style: inherit; font-weight: inherit; font-family: var( --e-global-typography-text-font-family ), Sans-serif; background-color: var(--ast-global-color-4); color: var(--ast-global-color-3);\">presencia de la mascota para su bienestar emocional.\u00a0<\/span><\/p><p style=\"text-align: justify;\"><b><span style=\"font-size: 14.0pt; line-height: 107%;\">Vigencia del certificado<\/span><\/b><\/p><p style=\"text-align: justify;\"><span style=\"font-size: 12.0pt; line-height: 107%;\">1 a\u00f1o a partir de la fecha en que se expide.<\/span><\/p><p style=\"text-align: justify;\"><b><span style=\"font-size: 14.0pt; line-height: 107%;\">pre-requisitos para emitir certificado de mascota de apoyo<br \/>emocional<\/span><\/b><\/p><ul><li>La mascota\u00a0 debe tener temperamento tranquilo y\/o sociable, no ser agresiva con otras personas y mascotas.<\/li><li>La persona cuente con alguna condici\u00f3n m\u00e9dica o mental previamente diagnosticada o est\u00e9 pasando por alguna situaci\u00f3n emocional (duelo, estr\u00e9s, entre otras).<\/li><li>La mascota debe tener m\u00ednimo 4 meses de edad.<\/li><li>\u00a0Exista un v\u00ednculo significativo entre la persona y la mascota.<\/li><li><strong>Entrevista de valoraci\u00f3n psicol\u00f3gica online o presencial.<\/strong><\/li><\/ul><div><strong>\u00a0 \u00a0 \u00a0 \u00a0 \u00a0 \u00a0 \u00a0 \u00a0 \u00a0 \u00a0 \u00a0 \u00a0 \u00a0 \u00a0 \u00a0 \u00a0 \u00a0PASOS PARA OBTENER TU CERTIFICADO DE MASCOTA DE APOYO EMOCIONAL<\/strong><\/div><ol><li>Manda un mensaje de whatsapp, te har\u00e9 unas preguntas orientadas a saber si tu mascota cumple con los pre- requisitos y si el certificado se adec\u00faa a\u00a0 tus necesidades, enlace de whatsapp directo en el siguiente bot\u00f3n:<\/li><\/ol><\/div>\t\t\t\t\t\t<\/div>\n\t\t\t\t<\/div>\n\t\t\t\t<div class=\"elementor-element elementor-element-3aabb97 elementor-widget__width-initial elementor-widget elementor-widget-button\" data-id=\"3aabb97\" data-element_type=\"widget\" data-widget_type=\"button.default\">\n\t\t\t\t<div class=\"elementor-widget-container\">\n\t\t\t\t\t<div class=\"elementor-button-wrapper\">\n\t\t\t<a class=\"elementor-button elementor-button-link elementor-size-sm\" href=\"https:\/\/wa.link\/rzqmzw\">\n\t\t\t\t\t\t<span class=\"elementor-button-content-wrapper\">\n\t\t\t\t\t\t<span class=\"elementor-button-text\">Enviar mensaje de whatsapp<\/span>\n\t\t<\/span>\n\t\t\t\t\t<\/a>\n\t\t<\/div>\n\t\t\t\t<\/div>\n\t\t\t\t<\/div>\n\t\t\t\t<div class=\"elementor-element elementor-element-3f7702c elementor-widget elementor-widget-text-editor\" data-id=\"3f7702c\" data-element_type=\"widget\" data-widget_type=\"text-editor.default\">\n\t\t\t\t<div class=\"elementor-widget-container\">\n\t\t\t\t\t\t\t<p><span style=\"font-style: inherit; font-weight: inherit; text-align: var(--text-align); background-color: var(--ast-global-color-4); color: var(--ast-global-color-3);\">\u00a0 \u00a0 \u00a02. De ser positivo, te escribir\u00e9 la informaci\u00f3n general y responder\u00e9 tus dudas.<\/span><\/p><p>\u00a0 \u00a0 \u00a03. Te preguntar\u00e9 tu preferencia de horarios para tu cita.<\/p><p><span style=\"font-style: inherit; font-weight: inherit; text-align: var(--text-align); background-color: var(--ast-global-color-4); color: var(--ast-global-color-3);\">\u00a0 \u00a0 \u00a0 4. Reviso disponibilidad en la agenda y te comento las opciones de horarios.<\/span><\/p><p><span style=\"font-style: inherit; font-weight: inherit; text-align: var(--text-align); background-color: var(--ast-global-color-4); color: var(--ast-global-color-3);\">\u00a0 \u00a0 \u00a0 5. Acordamos el horario para tu cita, te mando las indicaciones para el pago y cuestiones t\u00e9cnicas para tu cita (plataforma, duraci\u00f3n, etc).<\/span><\/p><p><span style=\"font-style: inherit; font-weight: inherit; text-align: var(--text-align); background-color: var(--ast-global-color-4); color: var(--ast-global-color-3);\">\u00a0 \u00a0 \u00a06. Te conectas el d\u00eda acordado para tu sesi\u00f3n.<\/span><\/p><p><span style=\"font-style: inherit; font-weight: inherit; text-align: var(--text-align); background-color: var(--ast-global-color-4); color: var(--ast-global-color-3);\">\u00a0 \u00a0 \u00a0 8. El mismo d\u00eda de tu cita recibes tu certificado en un plazo m\u00e1ximo de 6 horas posteriores a tu sesi\u00f3n.<\/span><span style=\"font-style: inherit; font-weight: inherit; text-align: var(--text-align); background-color: var(--ast-global-color-4); color: var(--ast-global-color-3);\">Si tienes dudas posteriores, siempre tendr\u00e1s un acompa\u00f1amiento amable para cada una de ellas.<\/span><\/p><p>\u00a0<\/p>\t\t\t\t\t\t<\/div>\n\t\t\t\t<\/div>\n\t\t\t\t<\/div>\n\t\t<div class=\"elementor-element elementor-element-58daeef e-flex e-con-boxed e-con e-parent\" data-id=\"58daeef\" data-element_type=\"container\" data-settings=\"{&quot;content_width&quot;:&quot;boxed&quot;}\" data-core-v316-plus=\"true\">\n\t\t\t\t\t<div class=\"e-con-inner\">\n\t\t\t\t<div class=\"elementor-element elementor-element-5f4f4e0 elementor-widget elementor-widget-text-editor\" data-id=\"5f4f4e0\" data-element_type=\"widget\" data-widget_type=\"text-editor.default\">\n\t\t\t\t<div class=\"elementor-widget-container\">\n\t\t\t\t\t\t\t\t\t\t\t\t\t<\/div>\n\t\t\t\t<\/div>\n\t\t\t\t\t<\/div>\n\t\t\t\t<\/div>\n\t\t<div class=\"elementor-element elementor-element-ee8e51a e-flex e-con-boxed e-con e-parent\" data-id=\"ee8e51a\" data-element_type=\"container\" data-settings=\"{&quot;content_width&quot;:&quot;boxed&quot;}\" data-core-v316-plus=\"true\">\n\t\t\t\t\t<div class=\"e-con-inner\">\n\t\t\t\t\t<\/div>\n\t\t\t\t<\/div>\n\t\t\t\t\t\t\t<\/div>\n\t\t","protected":false},"excerpt":{"rendered":"<p>Certificado mascota de apoyo emocional \u00bfQu\u00e9 es una mascota de apoyo emocional? Son animales (perros o gatos) que ayudan a las personas brindando apoyo terap\u00e9utico a su humano\/a por medio del afecto y la compa\u00f1\u00eda. Por lo cual: *Proveen comodidad con su presencia. *Reducen estr\u00e9s, ansiedad, depresi\u00f3n.*Brindan tranquilidad a su humano\/a. \u00a0Certificado mascota de apoyo &hellip;<\/p>\n<p class=\"read-more\"> <a class=\"\" href=\"https:\/\/nicancanin.com.mx\/?page_id=1268\"> <span class=\"screen-reader-text\">Certificado mascota de apoyo emocional<\/span> Leer m\u00e1s &raquo;<\/a><\/p>\n","protected":false},"author":1,"featured_media":0,"parent":0,"menu_order":0,"comment_status":"closed","ping_status":"closed","template":"elementor_theme","meta":{"_editorskit_title_hidden":false,"_editorskit_reading_time":0,"_editorskit_is_block_options_detached":false,"_editorskit_block_options_position":"{}","om_disable_all_campaigns":false,"_monsterinsights_skip_tracking":false,"_monsterinsights_sitenote_active":false,"_monsterinsights_sitenote_note":"","_monsterinsights_sitenote_category":0,"site-sidebar-layout":"no-sidebar","site-content-layout":"page-builder","ast-site-content-layout":"full-width-container","site-content-style":"default","site-sidebar-style":"default","ast-global-header-display":"","ast-banner-title-visibility":"","ast-main-header-display":"","ast-hfb-above-header-display":"","ast-hfb-below-header-display":"","ast-hfb-mobile-header-display":"","site-post-title":"disabled","ast-breadcrumbs-content":"","ast-featured-img":"disabled","footer-sml-layout":"","theme-transparent-header-meta":"","adv-header-id-meta":"","stick-header-meta":"","header-above-stick-meta":"","header-main-stick-meta":"","header-below-stick-meta":"","astra-migrate-meta-layouts":"default","ast-page-background-enabled":"default","ast-page-background-meta":{"desktop":{"background-color":"","background-image":"","background-repeat":"repeat","background-position":"center center","background-size":"auto","background-attachment":"scroll","background-type":"","background-media":"","overlay-type":"","overlay-color":"","overlay-gradient":""},"tablet":{"background-color":"","background-image":"","background-repeat":"repeat","background-position":"center center","background-size":"auto","background-attachment":"scroll","background-type":"","background-media":"","overlay-type":"","overlay-color":"","overlay-gradient":""},"mobile":{"background-color":"","background-image":"","background-repeat":"repeat","background-position":"center center","background-size":"auto","background-attachment":"scroll","background-type":"","background-media":"","overlay-type":"","overlay-color":"","overlay-gradient":""}},"ast-content-background-meta":{"desktop":{"background-color":"var(--ast-global-color-5)","background-image":"","background-repeat":"repeat","background-position":"center center","background-size":"auto","background-attachment":"scroll","background-type":"","background-media":"","overlay-type":"","overlay-color":"","overlay-gradient":""},"tablet":{"background-color":"var(--ast-global-color-5)","background-image":"","background-repeat":"repeat","background-position":"center center","background-size":"auto","background-attachment":"scroll","background-type":"","background-media":"","overlay-type":"","overlay-color":"","overlay-gradient":""},"mobile":{"background-color":"var(--ast-global-color-5)","background-image":"","background-repeat":"repeat","background-position":"center center","background-size":"auto","background-attachment":"scroll","background-type":"","background-media":"","overlay-type":"","overlay-color":"","overlay-gradient":""}},"footnotes":""},"aioseo_notices":[],"_links":{"self":[{"href":"https:\/\/nicancanin.com.mx\/index.php?rest_route=\/wp\/v2\/pages\/1268"}],"collection":[{"href":"https:\/\/nicancanin.com.mx\/index.php?rest_route=\/wp\/v2\/pages"}],"about":[{"href":"https:\/\/nicancanin.com.mx\/index.php?rest_route=\/wp\/v2\/types\/page"}],"author":[{"embeddable":true,"href":"https:\/\/nicancanin.com.mx\/index.php?rest_route=\/wp\/v2\/users\/1"}],"replies":[{"embeddable":true,"href":"https:\/\/nicancanin.com.mx\/index.php?rest_route=%2Fwp%2Fv2%2Fcomments&post=1268"}],"version-history":[{"count":49,"href":"https:\/\/nicancanin.com.mx\/index.php?rest_route=\/wp\/v2\/pages\/1268\/revisions"}],"predecessor-version":[{"id":1460,"href":"https:\/\/nicancanin.com.mx\/index.php?rest_route=\/wp\/v2\/pages\/1268\/revisions\/1460"}],"wp:attachment":[{"href":"https:\/\/nicancanin.com.mx\/index.php?rest_route=%2Fwp%2Fv2%2Fmedia&parent=1268"}],"curies":[{"name":"wp","href":"https:\/\/api.w.org\/{rel}","templated":true}]}}